{"id":209,"date":"2026-04-22T18:09:49","date_gmt":"2026-04-22T18:09:49","guid":{"rendered":"https:\/\/kgelo.com.br\/?page_id=209"},"modified":"2026-04-24T12:19:25","modified_gmt":"2026-04-24T12:19:25","slug":"laudos","status":"publish","type":"page","link":"https:\/\/kgelo.com.br\/index.php\/laudos\/","title":{"rendered":"Laudos"},"content":{"rendered":"\t\t<div data-elementor-type=\"wp-page\" data-elementor-id=\"209\" class=\"elementor elementor-209\">\n\t\t\t\t<div class=\"elementor-element elementor-element-f421e97 e-con-full e-flex wpr-particle-no wpr-jarallax-no wpr-parallax-no wpr-sticky-section-no wpr-equal-height-no e-con e-parent\" data-id=\"f421e97\" data-element_type=\"container\" data-e-type=\"container\">\n\t\t<div class=\"elementor-element elementor-element-7f57ec4 e-flex e-con-boxed wpr-particle-no wpr-jarallax-no wpr-parallax-no wpr-sticky-section-no wpr-equal-height-no e-con e-child\" data-id=\"7f57ec4\" data-element_type=\"container\" data-e-type=\"container\">\n\t\t\t\t\t<div class=\"e-con-inner\">\n\t\t\t\t<div class=\"elementor-element elementor-element-c11278f elementor-widget elementor-widget-text-editor\" data-id=\"c11278f\" data-element_type=\"widget\" data-e-type=\"widget\" data-widget_type=\"text-editor.default\">\n\t\t\t\t\t\t\t\t\t<h4><strong>2016<\/strong><\/h4><p><a href=\"http:\/\/kgelo.com.br\/laudos\/junho16.pdf\" target=\"_blank\" rel=\"noopener noreferrer\">Junho<\/a><\/p><p><a href=\"http:\/\/kgelo.com.br\/laudos\/julho16.pdf\" target=\"_blank\" rel=\"noopener noreferrer\">Julho<\/a><\/p><p><a href=\"http:\/\/kgelo.com.br\/laudos\/agosto16.pdf\" target=\"_blank\" rel=\"noopener noreferrer\">Agosto<\/a><\/p><p><a href=\"http:\/\/kgelo.com.br\/laudos\/setembro16.pdf\" target=\"_blank\" rel=\"noopener noreferrer\">Setembro<\/a><\/p><p><a href=\"http:\/\/kgelo.com.br\/laudos\/outubro16.pdf\" target=\"_blank\" rel=\"noopener noreferrer\">Outubro<\/a><\/p><p><a href=\"http:\/\/kgelo.com.br\/laudos\/novembro16.pdf\" target=\"_blank\" rel=\"noopener noreferrer\">Novembro<\/a><\/p><p><a href=\"http:\/\/kgelo.com.br\/laudos\/dezembro16.pdf\" target=\"_blank\" rel=\"noopener noreferrer\">Dezembro<\/a><\/p>\t\t\t\t\t\t\t\t<\/div>\n\t\t\t\t\t<\/div>\n\t\t\t\t<\/div>\n\t\t<div class=\"elementor-element elementor-element-bdc7c60 e-flex e-con-boxed wpr-particle-no wpr-jarallax-no wpr-parallax-no wpr-sticky-section-no wpr-equal-height-no e-con e-child\" data-id=\"bdc7c60\" data-element_type=\"container\" data-e-type=\"container\">\n\t\t\t\t\t<div class=\"e-con-inner\">\n\t\t\t\t<div class=\"elementor-element elementor-element-7fc952a elementor-widget elementor-widget-text-editor\" data-id=\"7fc952a\" data-element_type=\"widget\" data-e-type=\"widget\" data-widget_type=\"text-editor.default\">\n\t\t\t\t\t\t\t\t\t<h4><strong>2017<\/strong><\/h4><p><a href=\"http:\/\/kgelo.com.br\/laudos\/janeiro17.pdf\" target=\"_blank\" rel=\"noopener noreferrer\">Janeiro<\/a><\/p><p><a href=\"http:\/\/kgelo.com.br\/laudos\/fevereiro17.pdf\" target=\"_blank\" rel=\"noopener noreferrer\">Fevereiro<\/a><\/p><p><a href=\"http:\/\/kgelo.com.br\/laudos\/marco17.pdf\" target=\"_blank\" rel=\"noopener noreferrer\">Mar\u00e7o<\/a><\/p><p><a href=\"http:\/\/kgelo.com.br\/laudos\/abril17.pdf\" target=\"_blank\" rel=\"noopener noreferrer\">Abril<\/a><\/p><p><a href=\"http:\/\/kgelo.com.br\/laudos\/maio17.pdf\" target=\"_blank\" rel=\"noopener noreferrer\">Maio<\/a><\/p><p><a href=\"http:\/\/kgelo.com.br\/laudos\/junho17.pdf\" target=\"_blank\" rel=\"noopener noreferrer\">Junho<\/a><\/p><p><a href=\"http:\/\/kgelo.com.br\/laudos\/julho17.pdf\" target=\"_blank\" rel=\"noopener noreferrer\">Julho<\/a><\/p><p><a href=\"http:\/\/kgelo.com.br\/laudos\/agosto17.pdf\" target=\"_blank\" rel=\"noopener noreferrer\">Agosto<\/a><\/p><p><a href=\"http:\/\/kgelo.com.br\/laudos\/setembro17.pdf\" target=\"_blank\" rel=\"noopener noreferrer\">Setembro<\/a><\/p><p><a href=\"http:\/\/kgelo.com.br\/laudos\/outubro17.pdf\" target=\"_blank\" rel=\"noopener noreferrer\">Outubro<\/a><\/p><p><a href=\"http:\/\/kgelo.com.br\/laudos\/novembro17.pdf\" target=\"_blank\" rel=\"noopener noreferrer\">Novembro<\/a><\/p><p><a href=\"http:\/\/kgelo.com.br\/laudos\/dezembro17.pdf\" target=\"_blank\" rel=\"noopener noreferrer\">Dezembro<\/a><\/p>\t\t\t\t\t\t\t\t<\/div>\n\t\t\t\t\t<\/div>\n\t\t\t\t<\/div>\n\t\t<div class=\"elementor-element elementor-element-a3aba5a e-flex e-con-boxed wpr-particle-no wpr-jarallax-no wpr-parallax-no wpr-sticky-section-no wpr-equal-height-no e-con e-child\" data-id=\"a3aba5a\" data-element_type=\"container\" data-e-type=\"container\">\n\t\t\t\t\t<div class=\"e-con-inner\">\n\t\t\t\t<div class=\"elementor-element elementor-element-e6fb477 elementor-widget elementor-widget-text-editor\" data-id=\"e6fb477\" data-element_type=\"widget\" data-e-type=\"widget\" data-widget_type=\"text-editor.default\">\n\t\t\t\t\t\t\t\t\t<h4><strong>2018<\/strong><\/h4><p><a href=\"http:\/\/kgelo.com.br\/laudos\/janeiro18.pdf\" target=\"_blank\" rel=\"noopener noreferrer\">Janeiro<\/a><\/p><p><a href=\"http:\/\/kgelo.com.br\/laudos\/fevereiro18.pdf\" target=\"_blank\" rel=\"noopener noreferrer\">Fevereiro<\/a><\/p><p><a href=\"http:\/\/kgelo.com.br\/laudos\/marco18.pdf\" target=\"_blank\" rel=\"noopener noreferrer\">Mar\u00e7o<\/a><\/p><p><a href=\"http:\/\/kgelo.com.br\/laudos\/abril18.pdf\" target=\"_blank\" rel=\"noopener noreferrer\">Abril<\/a><\/p><p><a href=\"http:\/\/kgelo.com.br\/laudos\/maio18.pdf\" target=\"_blank\" rel=\"noopener noreferrer\">Maio<\/a><\/p><p><a href=\"http:\/\/kgelo.com.br\/laudos\/junho18.pdf\" target=\"_blank\" rel=\"noopener noreferrer\">Junho<\/a><\/p><p><a href=\"http:\/\/kgelo.com.br\/laudos\/julho18.pdf\" target=\"_blank\" rel=\"noopener noreferrer\">Julho<\/a><\/p><p><a href=\"http:\/\/kgelo.com.br\/laudos\/agosto18.pdf\" target=\"_blank\" rel=\"noopener noreferrer\">Agosto<\/a><\/p><p><a href=\"http:\/\/kgelo.com.br\/laudos\/setembro18.pdf\" target=\"_blank\" rel=\"noopener noreferrer\">Setembro<\/a><\/p><p><a href=\"http:\/\/kgelo.com.br\/laudos\/outubro18.pdf\" target=\"_blank\" rel=\"noopener noreferrer\">Outubro<\/a><\/p><p><a href=\"http:\/\/kgelo.com.br\/laudos\/novembro18.pdf\" target=\"_blank\" rel=\"noopener noreferrer\">Novembro<\/a><\/p><p><a href=\"http:\/\/kgelo.com.br\/laudos\/dezembro18.pdf\" target=\"_blank\" rel=\"noopener noreferrer\">Dezembro<\/a><\/p>\t\t\t\t\t\t\t\t<\/div>\n\t\t\t\t\t<\/div>\n\t\t\t\t<\/div>\n\t\t<div class=\"elementor-element elementor-element-570a1dd e-flex e-con-boxed wpr-particle-no wpr-jarallax-no wpr-parallax-no wpr-sticky-section-no wpr-equal-height-no e-con e-child\" data-id=\"570a1dd\" data-element_type=\"container\" data-e-type=\"container\">\n\t\t\t\t\t<div class=\"e-con-inner\">\n\t\t\t\t<div class=\"elementor-element elementor-element-b4bdaf4 elementor-widget elementor-widget-text-editor\" data-id=\"b4bdaf4\" data-element_type=\"widget\" data-e-type=\"widget\" data-widget_type=\"text-editor.default\">\n\t\t\t\t\t\t\t\t\t<h4><strong>2019<\/strong><\/h4><p><a href=\"http:\/\/kgelo.com.br\/laudos\/janeiro19.pdf\" target=\"_blank\" rel=\"noopener noreferrer\">Janeiro<\/a><\/p><p><a href=\"http:\/\/kgelo.com.br\/laudos\/fevereiro19.pdf\" target=\"_blank\" rel=\"noopener noreferrer\">Fevereiro<\/a><\/p><p><a href=\"http:\/\/kgelo.com.br\/laudos\/marco19.pdf\" target=\"_blank\" rel=\"noopener noreferrer\">Mar\u00e7o<\/a><\/p><p><a href=\"http:\/\/kgelo.com.br\/laudos\/abril19.pdf\" target=\"_blank\" rel=\"noopener noreferrer\">Abril<\/a><\/p><p><a href=\"http:\/\/kgelo.com.br\/laudos\/maio19.pdf\" target=\"_blank\" rel=\"noopener noreferrer\">Maio<\/a><\/p><p><a href=\"http:\/\/kgelo.com.br\/laudos\/junho19.pdf\" target=\"_blank\" rel=\"noopener noreferrer\">Junho<\/a><\/p><p><a href=\"http:\/\/kgelo.com.br\/laudos\/julho19.pdf\" target=\"_blank\" rel=\"noopener noreferrer\">Julho<\/a><\/p><p><a href=\"http:\/\/kgelo.com.br\/laudos\/agosto19.pdf\" target=\"_blank\" rel=\"noopener noreferrer\">Agosto<\/a><\/p><p><a href=\"http:\/\/kgelo.com.br\/laudos\/setembro19.pdf\" target=\"_blank\" rel=\"noopener noreferrer\">Setembro<\/a><\/p><p><a href=\"http:\/\/kgelo.com.br\/laudos\/outubro19.pdf\" target=\"_blank\" rel=\"noopener noreferrer\">Outubro<\/a><\/p><p><a href=\"http:\/\/kgelo.com.br\/laudos\/novembro19.pdf\" target=\"_blank\" rel=\"noopener noreferrer\">Novembro<\/a><\/p><p><a href=\"http:\/\/kgelo.com.br\/laudos\/dezembro19.pdf\" target=\"_blank\" rel=\"noopener noreferrer\">Dezembro<\/a><\/p>\t\t\t\t\t\t\t\t<\/div>\n\t\t\t\t\t<\/div>\n\t\t\t\t<\/div>\n\t\t<div class=\"elementor-element elementor-element-a37a9b5 e-flex e-con-boxed wpr-particle-no wpr-jarallax-no wpr-parallax-no wpr-sticky-section-no wpr-equal-height-no e-con e-child\" data-id=\"a37a9b5\" data-element_type=\"container\" data-e-type=\"container\">\n\t\t\t\t\t<div class=\"e-con-inner\">\n\t\t\t\t<div class=\"elementor-element elementor-element-ee874e9 elementor-widget elementor-widget-text-editor\" data-id=\"ee874e9\" data-element_type=\"widget\" data-e-type=\"widget\" data-widget_type=\"text-editor.default\">\n\t\t\t\t\t\t\t\t\t<h4><strong>2020<\/strong><\/h4><p><a href=\"http:\/\/kgelo.com.br\/laudos\/janeiro20.pdf\" target=\"_blank\" rel=\"noopener noreferrer\">Janeiro<\/a><\/p><p><a href=\"http:\/\/kgelo.com.br\/laudos\/fevereiro20.pdf\" target=\"_blank\" rel=\"noopener noreferrer\">Fevereiro<\/a><\/p><p><a href=\"http:\/\/kgelo.com.br\/laudos\/marco20.pdf\" target=\"_blank\" rel=\"noopener noreferrer\">Mar\u00e7o<\/a><\/p><p><a href=\"http:\/\/kgelo.com.br\/laudos\/abril20.pdf\" target=\"_blank\" rel=\"noopener noreferrer\">Abril<\/a><\/p><p><a href=\"http:\/\/kgelo.com.br\/laudos\/maio20.pdf\" target=\"_blank\" rel=\"noopener noreferrer\">Maio<\/a><\/p><p><a href=\"http:\/\/kgelo.com.br\/laudos\/junho20.pdf\" target=\"_blank\" rel=\"noopener noreferrer\">Junho<\/a><\/p><p><a href=\"http:\/\/kgelo.com.br\/laudos\/julho20.pdf\" target=\"_blank\" rel=\"noopener noreferrer\">Julho<\/a><\/p><p><a href=\"http:\/\/kgelo.com.br\/laudos\/agosto20.pdf\" target=\"_blank\" rel=\"noopener noreferrer\">Agosto<\/a><\/p><p><a href=\"http:\/\/kgelo.com.br\/laudos\/setembro20.pdf\" target=\"_blank\" rel=\"noopener noreferrer\">Setembro<\/a><\/p><p><a href=\"http:\/\/kgelo.com.br\/laudos\/outubro20.pdf\" target=\"_blank\" rel=\"noopener noreferrer\">Outubro<\/a><\/p><p><a href=\"http:\/\/kgelo.com.br\/laudos\/novembro20.pdf\" target=\"_blank\" rel=\"noopener noreferrer\">Novembro<\/a><\/p><p><a href=\"http:\/\/kgelo.com.br\/laudos\/dezembro20.pdf\" target=\"_blank\" rel=\"noopener noreferrer\">Dezembro<\/a><\/p>\t\t\t\t\t\t\t\t<\/div>\n\t\t\t\t\t<\/div>\n\t\t\t\t<\/div>\n\t\t<div class=\"elementor-element elementor-element-fa0e42e e-flex e-con-boxed wpr-particle-no wpr-jarallax-no wpr-parallax-no wpr-sticky-section-no wpr-equal-height-no e-con e-child\" data-id=\"fa0e42e\" data-element_type=\"container\" data-e-type=\"container\">\n\t\t\t\t\t<div class=\"e-con-inner\">\n\t\t\t\t<div class=\"elementor-element elementor-element-5a50480 elementor-widget elementor-widget-text-editor\" data-id=\"5a50480\" data-element_type=\"widget\" data-e-type=\"widget\" data-widget_type=\"text-editor.default\">\n\t\t\t\t\t\t\t\t\t<h4><strong>2021<\/strong><\/h4><p><a href=\"http:\/\/kgelo.com.br\/laudos\/janeiro21.pdf\" target=\"_blank\" rel=\"noopener noreferrer\">Janeiro<\/a><\/p><p><a href=\"http:\/\/kgelo.com.br\/laudos\/fevereiro21.pdf\" target=\"_blank\" rel=\"noopener noreferrer\">Fevereiro<\/a><\/p><p><a href=\"http:\/\/kgelo.com.br\/laudos\/marco21.pdf\" target=\"_blank\" rel=\"noopener noreferrer\">Mar\u00e7o<\/a><\/p><p><a href=\"http:\/\/kgelo.com.br\/laudos\/abril21.pdf\" target=\"_blank\" rel=\"noopener noreferrer\">Abril<\/a><\/p><p><a href=\"http:\/\/kgelo.com.br\/laudos\/maio21.pdf\" target=\"_blank\" rel=\"noopener noreferrer\">Maio<\/a><\/p><p><a href=\"http:\/\/kgelo.com.br\/laudos\/junho21.pdf\" target=\"_blank\" rel=\"noopener noreferrer\">Junho<\/a><\/p><p><a href=\"http:\/\/kgelo.com.br\/laudos\/julho21.pdf\" target=\"_blank\" rel=\"noopener noreferrer\">Julho<\/a><\/p><p><a href=\"http:\/\/kgelo.com.br\/laudos\/agosto21.pdf\" target=\"_blank\" rel=\"noopener noreferrer\">Agosto<\/a><\/p><p><a href=\"http:\/\/kgelo.com.br\/laudos\/setembro21.pdf\" target=\"_blank\" rel=\"noopener noreferrer\">Setembro<\/a><\/p><p><a href=\"http:\/\/kgelo.com.br\/laudos\/outubro21.pdf\" target=\"_blank\" rel=\"noopener noreferrer\">Outubro<\/a><\/p><p><a href=\"http:\/\/kgelo.com.br\/laudos\/novembro21.pdf\" target=\"_blank\" rel=\"noopener noreferrer\">Novembro<\/a><\/p><p><a href=\"http:\/\/kgelo.com.br\/laudos\/dezembro21.pdf\" target=\"_blank\" rel=\"noopener noreferrer\">Dezembro<\/a><\/p>\t\t\t\t\t\t\t\t<\/div>\n\t\t\t\t\t<\/div>\n\t\t\t\t<\/div>\n\t\t<div class=\"elementor-element elementor-element-5545f08 e-flex e-con-boxed wpr-particle-no wpr-jarallax-no wpr-parallax-no wpr-sticky-section-no wpr-equal-height-no e-con e-child\" data-id=\"5545f08\" data-element_type=\"container\" data-e-type=\"container\">\n\t\t\t\t\t<div class=\"e-con-inner\">\n\t\t\t\t<div class=\"elementor-element elementor-element-2cc01a8 elementor-widget elementor-widget-text-editor\" data-id=\"2cc01a8\" data-element_type=\"widget\" data-e-type=\"widget\" data-widget_type=\"text-editor.default\">\n\t\t\t\t\t\t\t\t\t<h4><strong>2022<\/strong><\/h4><p><a href=\"http:\/\/kgelo.com.br\/laudos\/janeiro22.pdf\" target=\"_blank\" rel=\"noopener noreferrer\">Janeiro<\/a><\/p><p><a href=\"http:\/\/kgelo.com.br\/laudos\/fevereiro22.pdf\" target=\"_blank\" rel=\"noopener noreferrer\">Fevereiro<\/a><\/p><p><a href=\"http:\/\/kgelo.com.br\/laudos\/marco22.pdf\" target=\"_blank\" rel=\"noopener noreferrer\">Mar\u00e7o<\/a><\/p><p><a href=\"http:\/\/kgelo.com.br\/laudos\/abril22.pdf\" target=\"_blank\" rel=\"noopener noreferrer\">Abril<\/a><\/p><p><a href=\"http:\/\/kgelo.com.br\/laudos\/maio22.pdf\" target=\"_blank\" rel=\"noopener noreferrer\">Maio 2022<\/a><\/p><p><a href=\"http:\/\/kgelo.com.br\/laudos\/junho22.pdf\" target=\"_blank\" rel=\"noopener noreferrer\">Junho<\/a><\/p><p><a href=\"http:\/\/kgelo.com.br\/laudos\/julho22.pdf\" target=\"_blank\" rel=\"noopener noreferrer\">Julho<\/a><\/p><p><a href=\"http:\/\/kgelo.com.br\/laudos\/agosto22.pdf\" target=\"_blank\" rel=\"noopener noreferrer\">Agosto<\/a><\/p><p><a href=\"http:\/\/kgelo.com.br\/laudos\/setembro22.pdf\" target=\"_blank\" rel=\"noopener noreferrer\">Setembro<\/a><\/p><p><a href=\"http:\/\/kgelo.com.br\/laudos\/outubro22.pdf\" target=\"_blank\" rel=\"noopener noreferrer\">Outubro<\/a><\/p><p><a href=\"http:\/\/kgelo.com.br\/laudos\/novembro22.pdf\" target=\"_blank\" rel=\"noopener noreferrer\">Novembro<\/a><\/p><p><a href=\"http:\/\/kgelo.com.br\/laudos\/dezembro22.pdf\" target=\"_blank\" rel=\"noopener noreferrer\">Dezembro<\/a><\/p>\t\t\t\t\t\t\t\t<\/div>\n\t\t\t\t\t<\/div>\n\t\t\t\t<\/div>\n\t\t<div class=\"elementor-element elementor-element-c469a31 e-flex e-con-boxed wpr-particle-no wpr-jarallax-no wpr-parallax-no wpr-sticky-section-no wpr-equal-height-no e-con e-child\" data-id=\"c469a31\" data-element_type=\"container\" data-e-type=\"container\">\n\t\t\t\t\t<div class=\"e-con-inner\">\n\t\t\t\t<div class=\"elementor-element elementor-element-e14605e elementor-widget elementor-widget-text-editor\" data-id=\"e14605e\" data-element_type=\"widget\" data-e-type=\"widget\" data-widget_type=\"text-editor.default\">\n\t\t\t\t\t\t\t\t\t<h4><strong>2023<\/strong><\/h4><p><a href=\"http:\/\/kgelo.com.br\/laudos\/janeiro23.pdf\" target=\"_blank\" rel=\"noopener noreferrer\">Janeiro<\/a><\/p><p><a href=\"http:\/\/kgelo.com.br\/laudos\/fevereiro23.pdf\" target=\"_blank\" rel=\"noopener noreferrer\">Fevereiro<\/a><\/p><p><a href=\"http:\/\/kgelo.com.br\/laudos\/marco23.pdf\" target=\"_blank\" rel=\"noopener noreferrer\">Mar\u00e7o<\/a><\/p><p><a href=\"http:\/\/kgelo.com.br\/laudos\/abril23.pdf\" target=\"_blank\" rel=\"noopener noreferrer\">Abril<\/a><\/p><p><a href=\"http:\/\/kgelo.com.br\/laudos\/maio23.pdf\" target=\"_blank\" rel=\"noopener noreferrer\">Maio<\/a><\/p><p><a href=\"http:\/\/kgelo.com.br\/laudos\/junho23.pdf\" target=\"_blank\" rel=\"noopener noreferrer\">Junho<\/a><\/p><p><a href=\"http:\/\/kgelo.com.br\/laudos\/julho23.pdf\" target=\"_blank\" rel=\"noopener noreferrer\">Julho<\/a><\/p><p><a href=\"http:\/\/kgelo.com.br\/laudos\/agosto23.pdf\" target=\"_blank\" rel=\"noopener noreferrer\">Agosto<\/a><\/p>\t\t\t\t\t\t\t\t<\/div>\n\t\t\t\t\t<\/div>\n\t\t\t\t<\/div>\n\t\t\t\t<\/div>\n\t\t\t\t<\/div>\n\t\t","protected":false},"excerpt":{"rendered":"<p>2016 Junho Julho Agosto Setembro Outubro Novembro Dezembro 2017 Janeiro Fevereiro Mar\u00e7o Abril Maio Junho Julho Agosto Setembro Outubro Novembro Dezembro 2018 Janeiro Fevereiro Mar\u00e7o Abril Maio Junho Julho Agosto Setembro Outubro Novembro Dezembro 2019 Janeiro Fevereiro Mar\u00e7o Abril Maio Junho Julho Agosto Setembro Outubro Novembro Dezembro 2020 Janeiro Fevereiro Mar\u00e7o Abril Maio Junho Julho Agosto Setembro Outubro Novembro Dezembro 2021 Janeiro Fevereiro Mar\u00e7o Abril Maio Junho Julho Agosto Setembro Outubro Novembro Dezembro 2022 Janeiro Fevereiro Mar\u00e7o Abril Maio 2022 Junho Julho Agosto Setembro Outubro Novembro Dezembro 2023 Janeiro Fevereiro Mar\u00e7o Abril Maio Junho Julho Agosto<\/p>\n","protected":false},"author":1,"featured_media":0,"parent":0,"menu_order":0,"comment_status":"closed","ping_status":"closed","template":"","meta":{"footnotes":""},"class_list":["post-209","page","type-page","status-publish","hentry"],"_links":{"self":[{"href":"https:\/\/kgelo.com.br\/index.php\/wp-json\/wp\/v2\/pages\/209","targetHints":{"allow":["GET"]}}],"collection":[{"href":"https:\/\/kgelo.com.br\/index.php\/wp-json\/wp\/v2\/pages"}],"about":[{"href":"https:\/\/kgelo.com.br\/index.php\/wp-json\/wp\/v2\/types\/page"}],"author":[{"embeddable":true,"href":"https:\/\/kgelo.com.br\/index.php\/wp-json\/wp\/v2\/users\/1"}],"replies":[{"embeddable":true,"href":"https:\/\/kgelo.com.br\/index.php\/wp-json\/wp\/v2\/comments?post=209"}],"version-history":[{"count":27,"href":"https:\/\/kgelo.com.br\/index.php\/wp-json\/wp\/v2\/pages\/209\/revisions"}],"predecessor-version":[{"id":459,"href":"https:\/\/kgelo.com.br\/index.php\/wp-json\/wp\/v2\/pages\/209\/revisions\/459"}],"wp:attachment":[{"href":"https:\/\/kgelo.com.br\/index.php\/wp-json\/wp\/v2\/media?parent=209"}],"curies":[{"name":"wp","href":"https:\/\/api.w.org\/{rel}","templated":true}]}}