{"id":42,"date":"2026-04-20T17:20:00","date_gmt":"2026-04-20T17:20:00","guid":{"rendered":"https:\/\/kgelo.com.br\/?page_id=42"},"modified":"2026-04-24T12:56:02","modified_gmt":"2026-04-24T12:56:02","slug":"home","status":"publish","type":"page","link":"https:\/\/kgelo.com.br\/","title":{"rendered":"Home"},"content":{"rendered":"\t\t<div data-elementor-type=\"wp-page\" data-elementor-id=\"42\" class=\"elementor elementor-42\">\n\t\t\t\t<div class=\"elementor-element elementor-element-63477f6 e-con-full elementor-hidden-mobile e-flex wpr-particle-no wpr-jarallax-no wpr-parallax-no wpr-sticky-section-no wpr-equal-height-no e-con e-parent\" data-id=\"63477f6\" data-element_type=\"container\" data-e-type=\"container\">\n\t\t\t\t<div class=\"elementor-element elementor-element-593bd53 elementor-widget elementor-widget-image\" data-id=\"593bd53\" data-element_type=\"widget\" data-e-type=\"widget\" data-widget_type=\"image.default\">\n\t\t\t\t\t\t\t\t\t\t\t\t\t\t\t<img fetchpriority=\"high\" decoding=\"async\" width=\"1672\" height=\"941\" src=\"https:\/\/kgelo.com.br\/wp-content\/uploads\/2026\/04\/kgelo-26.png\" class=\"attachment-full size-full wp-image-255\" alt=\"\" srcset=\"https:\/\/kgelo.com.br\/wp-content\/uploads\/2026\/04\/kgelo-26.png 1672w, https:\/\/kgelo.com.br\/wp-content\/uploads\/2026\/04\/kgelo-26-300x169.png 300w, https:\/\/kgelo.com.br\/wp-content\/uploads\/2026\/04\/kgelo-26-1024x576.png 1024w, https:\/\/kgelo.com.br\/wp-content\/uploads\/2026\/04\/kgelo-26-768x432.png 768w, https:\/\/kgelo.com.br\/wp-content\/uploads\/2026\/04\/kgelo-26-1536x864.png 1536w\" sizes=\"(max-width: 1672px) 100vw, 1672px\" \/>\t\t\t\t\t\t\t\t\t\t\t\t\t\t\t<\/div>\n\t\t\t\t<\/div>\n\t\t<div class=\"elementor-element elementor-element-42b19e4 e-con-full e-flex wpr-particle-no wpr-jarallax-no wpr-parallax-no wpr-sticky-section-no wpr-equal-height-no e-con e-parent\" data-id=\"42b19e4\" data-element_type=\"container\" data-e-type=\"container\">\n\t\t\t\t<div class=\"elementor-element elementor-element-ad1335a elementor-hidden-desktop elementor-hidden-tablet elementor-widget elementor-widget-image\" data-id=\"ad1335a\" data-element_type=\"widget\" data-e-type=\"widget\" data-widget_type=\"image.default\">\n\t\t\t\t\t\t\t\t\t\t\t\t\t\t\t<img decoding=\"async\" width=\"966\" height=\"872\" src=\"https:\/\/kgelo.com.br\/wp-content\/uploads\/2026\/04\/k-cel.jpeg\" class=\"attachment-full size-full wp-image-475\" alt=\"\" srcset=\"https:\/\/kgelo.com.br\/wp-content\/uploads\/2026\/04\/k-cel.jpeg 966w, https:\/\/kgelo.com.br\/wp-content\/uploads\/2026\/04\/k-cel-300x271.jpeg 300w, https:\/\/kgelo.com.br\/wp-content\/uploads\/2026\/04\/k-cel-768x693.jpeg 768w\" sizes=\"(max-width: 966px) 100vw, 966px\" \/>\t\t\t\t\t\t\t\t\t\t\t\t\t\t\t<\/div>\n\t\t\t\t<\/div>\n\t\t<div class=\"elementor-element elementor-element-bd9ce97 e-con-full e-flex wpr-particle-no wpr-jarallax-no wpr-parallax-no wpr-sticky-section-no wpr-equal-height-no e-con e-parent\" data-id=\"bd9ce97\" data-element_type=\"container\" data-e-type=\"container\" id=\"sobre\">\n\t\t\t\t<div class=\"elementor-element elementor-element-e1e2fcb elementor-widget elementor-widget-text-editor\" data-id=\"e1e2fcb\" data-element_type=\"widget\" data-e-type=\"widget\" data-widget_type=\"text-editor.default\">\n\t\t\t\t\t\t\t\t\t<h3 data-start=\"0\" data-end=\"211\"><strong>Sobre a K-Gelo<\/strong><\/h3>\t\t\t\t\t\t\t\t<\/div>\n\t\t\t\t<div class=\"elementor-element elementor-element-6dfdbed elementor-widget elementor-widget-text-editor\" data-id=\"6dfdbed\" data-element_type=\"widget\" data-e-type=\"widget\" data-widget_type=\"text-editor.default\">\n\t\t\t\t\t\t\t\t\t<p data-start=\"88\" data-end=\"328\">Atuamos no mercado <strong>desde 1986<\/strong>, oferecendo atendimento no atacado e no varejo com excel\u00eancia, confian\u00e7a e compromisso com a qualidade. Contamos com ampla capacidade de produ\u00e7\u00e3o e estoque, garantindo pronta entrega e agilidade em cada pedido.<\/p><p data-start=\"330\" data-end=\"629\">Nossa frota pr\u00f3pria realiza entregas di\u00e1rias, atendendo postos de gasolina, lojas de conveni\u00eancia, restaurantes, buffets, hot\u00e9is, peixarias e diversos outros segmentos. Seu pedido pode ser facilmente inclu\u00eddo em nossas rotas, proporcionando praticidade, pontualidade e efici\u00eancia para o seu neg\u00f3cio.<\/p><p data-start=\"631\" data-end=\"1120\">Trabalhamos com produtos de alto padr\u00e3o, seguindo rigorosos processos de higiene e controle de qualidade.<\/p><p data-start=\"631\" data-end=\"1120\">A <strong>K-GELO<\/strong> utiliza \u00e1gua multi-filtrada, com sistema de carv\u00e3o ativado aliado \u00e0 tecnologia avan\u00e7ada de tratamento com oz\u00f4nio \u2014 um dos m\u00e9todos mais seguros e eficazes do mundo, com a\u00e7\u00e3o bactericida, algicida e viricida, al\u00e9m de eliminar res\u00edduos de cloro. Esse processo atende \u00e0s mais exigentes normas internacionais, garantindo um gelo puro, cristalino e totalmente seguro para consumo.<\/p><p data-start=\"1122\" data-end=\"1400\">Todo o processo de produ\u00e7\u00e3o e empacotamento \u00e9 automatizado, sem contato manual, assegurando ainda mais qualidade e integridade ao produto final. Nosso gelo \u00e9 ideal para consumo, conserva\u00e7\u00e3o e diversas aplica\u00e7\u00f5es comerciais, sempre com a garantia de pureza que voc\u00ea pode confiar.<\/p><p data-start=\"1402\" data-end=\"1733\">Al\u00e9m disso, investimos continuamente em inova\u00e7\u00e3o, tecnologia e log\u00edstica para aprimorar nossos servi\u00e7os e atender com ainda mais efici\u00eancia. Nossa equipe est\u00e1 preparada para oferecer um atendimento \u00e1gil e personalizado, entendendo as necessidades de cada cliente e entregando as melhores solu\u00e7\u00f5es para o crescimento do seu neg\u00f3cio.<\/p>\t\t\t\t\t\t\t\t<\/div>\n\t\t\t\t<\/div>\n\t\t<div class=\"elementor-element elementor-element-57e1902 e-con-full e-flex wpr-particle-no wpr-jarallax-no wpr-parallax-no wpr-sticky-section-no wpr-equal-height-no e-con e-parent\" data-id=\"57e1902\" data-element_type=\"container\" data-e-type=\"container\">\n\t\t\t\t<\/div>\n\t\t<div class=\"elementor-element elementor-element-87a2020 e-con-full e-flex wpr-particle-no wpr-jarallax-no wpr-parallax-no wpr-sticky-section-no wpr-equal-height-no e-con e-parent\" data-id=\"87a2020\" data-element_type=\"container\" data-e-type=\"container\" id=\"qualidade\">\n\t\t\t\t<div class=\"elementor-element elementor-element-31a295a elementor-widget elementor-widget-text-editor\" data-id=\"31a295a\" data-element_type=\"widget\" data-e-type=\"widget\" data-widget_type=\"text-editor.default\">\n\t\t\t\t\t\t\t\t\t<h3 data-start=\"0\" data-end=\"211\"><strong>Nossa Qualidade<\/strong><\/h3>\t\t\t\t\t\t\t\t<\/div>\n\t\t\t\t<\/div>\n\t\t<div class=\"elementor-element elementor-element-80126dd e-con-full e-flex wpr-particle-no wpr-jarallax-no wpr-parallax-no wpr-sticky-section-no wpr-equal-height-no e-con e-parent\" data-id=\"80126dd\" data-element_type=\"container\" data-e-type=\"container\">\n\t\t<div class=\"elementor-element elementor-element-596ccb4 e-con-full e-flex wpr-particle-no wpr-jarallax-no wpr-parallax-no wpr-sticky-section-no wpr-equal-height-no e-con e-child\" data-id=\"596ccb4\" data-element_type=\"container\" data-e-type=\"container\">\n\t\t<div class=\"elementor-element elementor-element-57d3459 e-con-full e-flex wpr-particle-no wpr-jarallax-no wpr-parallax-no wpr-sticky-section-no wpr-equal-height-no e-con e-child\" data-id=\"57d3459\" data-element_type=\"container\" data-e-type=\"container\">\n\t\t\t\t<div class=\"elementor-element elementor-element-901ae05 elementor-widget elementor-widget-image\" data-id=\"901ae05\" data-element_type=\"widget\" data-e-type=\"widget\" data-widget_type=\"image.default\">\n\t\t\t\t\t\t\t\t\t\t\t\t\t\t\t<img decoding=\"async\" width=\"800\" height=\"425\" src=\"https:\/\/kgelo.com.br\/wp-content\/uploads\/2026\/04\/s4.jpg\" class=\"attachment-large size-large wp-image-416\" alt=\"\" srcset=\"https:\/\/kgelo.com.br\/wp-content\/uploads\/2026\/04\/s4.jpg 1000w, https:\/\/kgelo.com.br\/wp-content\/uploads\/2026\/04\/s4-300x159.jpg 300w, https:\/\/kgelo.com.br\/wp-content\/uploads\/2026\/04\/s4-768x408.jpg 768w\" sizes=\"(max-width: 800px) 100vw, 800px\" \/>\t\t\t\t\t\t\t\t\t\t\t\t\t\t\t<\/div>\n\t\t\t\t<\/div>\n\t\t<div class=\"elementor-element elementor-element-41c309b e-con-full e-flex wpr-particle-no wpr-jarallax-no wpr-parallax-no wpr-sticky-section-no wpr-equal-height-no e-con e-child\" data-id=\"41c309b\" data-element_type=\"container\" data-e-type=\"container\">\n\t\t\t\t<div class=\"elementor-element elementor-element-5597932 elementor-widget elementor-widget-text-editor\" data-id=\"5597932\" data-element_type=\"widget\" data-e-type=\"widget\" data-widget_type=\"text-editor.default\">\n\t\t\t\t\t\t\t\t\t<h3 class=\"red-border-bottom\"><strong>\u00c1gua<\/strong><\/h3><p>Nossa \u00e1gua \u00e9 pot\u00e1vel, tratada e passa por quatro filtros especiais, com carv\u00e3o ativado. Nossos cubos de gelo s\u00e3o analisados mensalmente por laborat\u00f3rio especializado que recolhe amostras aleat\u00f3rias diretamente de nossos clientes.<\/p>\t\t\t\t\t\t\t\t<\/div>\n\t\t\t\t<\/div>\n\t\t\t\t<\/div>\n\t\t<div class=\"elementor-element elementor-element-ef2f276 e-con-full e-flex wpr-particle-no wpr-jarallax-no wpr-parallax-no wpr-sticky-section-no wpr-equal-height-no e-con e-child\" data-id=\"ef2f276\" data-element_type=\"container\" data-e-type=\"container\">\n\t\t<div class=\"elementor-element elementor-element-bab4ffc e-con-full e-flex wpr-particle-no wpr-jarallax-no wpr-parallax-no wpr-sticky-section-no wpr-equal-height-no e-con e-child\" data-id=\"bab4ffc\" data-element_type=\"container\" data-e-type=\"container\">\n\t\t\t\t<div class=\"elementor-element elementor-element-cc80480 elementor-widget elementor-widget-image\" data-id=\"cc80480\" data-element_type=\"widget\" data-e-type=\"widget\" data-widget_type=\"image.default\">\n\t\t\t\t\t\t\t\t\t\t\t\t\t\t\t<img loading=\"lazy\" decoding=\"async\" width=\"800\" height=\"425\" src=\"https:\/\/kgelo.com.br\/wp-content\/uploads\/2026\/04\/s2.jpg\" class=\"attachment-large size-large wp-image-415\" alt=\"\" srcset=\"https:\/\/kgelo.com.br\/wp-content\/uploads\/2026\/04\/s2.jpg 1000w, https:\/\/kgelo.com.br\/wp-content\/uploads\/2026\/04\/s2-300x159.jpg 300w, https:\/\/kgelo.com.br\/wp-content\/uploads\/2026\/04\/s2-768x408.jpg 768w\" sizes=\"(max-width: 800px) 100vw, 800px\" \/>\t\t\t\t\t\t\t\t\t\t\t\t\t\t\t<\/div>\n\t\t\t\t<\/div>\n\t\t<div class=\"elementor-element elementor-element-dbb6e11 e-con-full e-flex wpr-particle-no wpr-jarallax-no wpr-parallax-no wpr-sticky-section-no wpr-equal-height-no e-con e-child\" data-id=\"dbb6e11\" data-element_type=\"container\" data-e-type=\"container\">\n\t\t\t\t<div class=\"elementor-element elementor-element-63c34e4 elementor-widget elementor-widget-text-editor\" data-id=\"63c34e4\" data-element_type=\"widget\" data-e-type=\"widget\" data-widget_type=\"text-editor.default\">\n\t\t\t\t\t\t\t\t\t<h3 class=\"red-border-bottom\"><strong>Gelo<\/strong><\/h3><p>Nosso gelo em cubo possui c\u00f3digo de barras e data de fabrica\u00e7\u00e3o com validade. \u00c9 fabricado sem qualquer contato manual e armazenado em pallets de a\u00e7o galvanizado.<\/p>\t\t\t\t\t\t\t\t<\/div>\n\t\t\t\t<\/div>\n\t\t\t\t<\/div>\n\t\t<div class=\"elementor-element elementor-element-8d1c8a5 e-con-full e-flex wpr-particle-no wpr-jarallax-no wpr-parallax-no wpr-sticky-section-no wpr-equal-height-no e-con e-child\" data-id=\"8d1c8a5\" data-element_type=\"container\" data-e-type=\"container\">\n\t\t<div class=\"elementor-element elementor-element-e5a0657 e-con-full e-flex wpr-particle-no wpr-jarallax-no wpr-parallax-no wpr-sticky-section-no wpr-equal-height-no e-con e-child\" data-id=\"e5a0657\" data-element_type=\"container\" data-e-type=\"container\">\n\t\t\t\t<div class=\"elementor-element elementor-element-462df1d elementor-widget elementor-widget-image\" data-id=\"462df1d\" data-element_type=\"widget\" data-e-type=\"widget\" data-widget_type=\"image.default\">\n\t\t\t\t\t\t\t\t\t\t\t\t\t\t\t<img loading=\"lazy\" decoding=\"async\" width=\"800\" height=\"425\" src=\"https:\/\/kgelo.com.br\/wp-content\/uploads\/2026\/04\/s5.jpg\" class=\"attachment-large size-large wp-image-413\" alt=\"\" srcset=\"https:\/\/kgelo.com.br\/wp-content\/uploads\/2026\/04\/s5.jpg 1000w, https:\/\/kgelo.com.br\/wp-content\/uploads\/2026\/04\/s5-300x159.jpg 300w, https:\/\/kgelo.com.br\/wp-content\/uploads\/2026\/04\/s5-768x408.jpg 768w\" sizes=\"(max-width: 800px) 100vw, 800px\" \/>\t\t\t\t\t\t\t\t\t\t\t\t\t\t\t<\/div>\n\t\t\t\t<\/div>\n\t\t<div class=\"elementor-element elementor-element-3ad3ccb e-con-full e-flex wpr-particle-no wpr-jarallax-no wpr-parallax-no wpr-sticky-section-no wpr-equal-height-no e-con e-child\" data-id=\"3ad3ccb\" data-element_type=\"container\" data-e-type=\"container\">\n\t\t\t\t<div class=\"elementor-element elementor-element-bb06765 elementor-widget elementor-widget-text-editor\" data-id=\"bb06765\" data-element_type=\"widget\" data-e-type=\"widget\" data-widget_type=\"text-editor.default\">\n\t\t\t\t\t\t\t\t\t<h3 class=\"red-border-bottom\"><strong>F\u00e1brica<\/strong><\/h3><p>Atendemos todas as normas de produ\u00e7\u00e3o, com registros na CETESB, Secretaria de Estado da Sa\u00fade, Secretaria dos Neg\u00f3cios Metropolitanos e Alvar\u00e1 de Registro Sanit\u00e1rio de Estabelecimentos de Produtos Aliment\u00edcios.<\/p>\t\t\t\t\t\t\t\t<\/div>\n\t\t\t\t<\/div>\n\t\t\t\t<\/div>\n\t\t<div class=\"elementor-element elementor-element-a01db0c e-con-full e-flex wpr-particle-no wpr-jarallax-no wpr-parallax-no wpr-sticky-section-no wpr-equal-height-no e-con e-child\" data-id=\"a01db0c\" data-element_type=\"container\" data-e-type=\"container\">\n\t\t<div class=\"elementor-element elementor-element-c2cee7c e-con-full e-flex wpr-particle-no wpr-jarallax-no wpr-parallax-no wpr-sticky-section-no wpr-equal-height-no e-con e-child\" data-id=\"c2cee7c\" data-element_type=\"container\" data-e-type=\"container\">\n\t\t\t\t<div class=\"elementor-element elementor-element-e08da57 elementor-widget elementor-widget-image\" data-id=\"e08da57\" data-element_type=\"widget\" data-e-type=\"widget\" data-widget_type=\"image.default\">\n\t\t\t\t\t\t\t\t\t\t\t\t\t\t\t<img loading=\"lazy\" decoding=\"async\" width=\"800\" height=\"425\" src=\"https:\/\/kgelo.com.br\/wp-content\/uploads\/2026\/04\/s3.jpg\" class=\"attachment-large size-large wp-image-414\" alt=\"\" srcset=\"https:\/\/kgelo.com.br\/wp-content\/uploads\/2026\/04\/s3.jpg 1000w, https:\/\/kgelo.com.br\/wp-content\/uploads\/2026\/04\/s3-300x159.jpg 300w, https:\/\/kgelo.com.br\/wp-content\/uploads\/2026\/04\/s3-768x408.jpg 768w\" sizes=\"(max-width: 800px) 100vw, 800px\" \/>\t\t\t\t\t\t\t\t\t\t\t\t\t\t\t<\/div>\n\t\t\t\t<\/div>\n\t\t<div class=\"elementor-element elementor-element-7f93e9b e-con-full e-flex wpr-particle-no wpr-jarallax-no wpr-parallax-no wpr-sticky-section-no wpr-equal-height-no e-con e-child\" data-id=\"7f93e9b\" data-element_type=\"container\" data-e-type=\"container\">\n\t\t\t\t<div class=\"elementor-element elementor-element-5cb3ae8 elementor-widget elementor-widget-text-editor\" data-id=\"5cb3ae8\" data-element_type=\"widget\" data-e-type=\"widget\" data-widget_type=\"text-editor.default\">\n\t\t\t\t\t\t\t\t\t<h3 class=\"red-border-bottom\"><strong>Transporte<\/strong><\/h3><p>Todos nossos ve\u00edculos s\u00e3o pr\u00f3prios para transporte de alimentos e com alta capacidade de isolamento t\u00e9rmico. Nossa frota circula diariamente fazendo entregas de gelo de qualidade em diversos pontos de vendas.<\/p>\t\t\t\t\t\t\t\t<\/div>\n\t\t\t\t<\/div>\n\t\t\t\t<\/div>\n\t\t\t\t<\/div>\n\t\t<div class=\"elementor-element elementor-element-eec12af e-con-full e-flex wpr-particle-no wpr-jarallax-no wpr-parallax-no wpr-sticky-section-no wpr-equal-height-no e-con e-parent\" data-id=\"eec12af\" data-element_type=\"container\" data-e-type=\"container\">\n\t\t\t\t<\/div>\n\t\t<div class=\"elementor-element elementor-element-31a6bcf e-con-full e-flex wpr-particle-no wpr-jarallax-no wpr-parallax-no wpr-sticky-section-no wpr-equal-height-no e-con e-parent\" data-id=\"31a6bcf\" data-element_type=\"container\" data-e-type=\"container\" id=\"local\">\n\t\t\t\t<div class=\"elementor-element elementor-element-68664b2 elementor-widget elementor-widget-text-editor\" data-id=\"68664b2\" data-element_type=\"widget\" data-e-type=\"widget\" data-widget_type=\"text-editor.default\">\n\t\t\t\t\t\t\t\t\t<h3 data-start=\"0\" data-end=\"211\"><strong>Localiza\u00e7\u00e3o<\/strong><\/h3>\t\t\t\t\t\t\t\t<\/div>\n\t\t\t\t<\/div>\n\t\t<div class=\"elementor-element elementor-element-9b656b9 e-con-full e-flex wpr-particle-no wpr-jarallax-no wpr-parallax-no wpr-sticky-section-no wpr-equal-height-no e-con e-parent\" data-id=\"9b656b9\" data-element_type=\"container\" data-e-type=\"container\">\n\t\t\t\t<div class=\"elementor-element elementor-element-fae2f81 elementor-widget elementor-widget-google_maps\" data-id=\"fae2f81\" data-element_type=\"widget\" data-e-type=\"widget\" data-widget_type=\"google_maps.default\">\n\t\t\t\t\t\t\t<div class=\"elementor-custom-embed\">\n\t\t\t<iframe loading=\"lazy\"\n\t\t\t\t\tsrc=\"https:\/\/maps.google.com\/maps?q=Rua%20Heliopolis%2C%2086&#038;t=m&#038;z=14&#038;output=embed&#038;iwloc=near\"\n\t\t\t\t\ttitle=\"Rua Heliopolis, 86\"\n\t\t\t\t\taria-label=\"Rua Heliopolis, 86\"\n\t\t\t><\/iframe>\n\t\t<\/div>\n\t\t\t\t\t\t<\/div>\n\t\t\t\t<\/div>\n\t\t<div class=\"elementor-element elementor-element-ff40b34 e-flex e-con-boxed wpr-particle-no wpr-jarallax-no wpr-parallax-no wpr-sticky-section-no wpr-equal-height-no e-con e-parent\" data-id=\"ff40b34\" data-element_type=\"container\" data-e-type=\"container\" id=\"contato\">\n\t\t\t\t\t<div class=\"e-con-inner\">\n\t\t\t\t\t<\/div>\n\t\t\t\t<\/div>\n\t\t\t\t<\/div>\n\t\t","protected":false},"excerpt":{"rendered":"<p>Sobre a K-Gelo Atuamos no mercado desde 1986, oferecendo atendimento no atacado e no varejo com excel\u00eancia, confian\u00e7a e compromisso com a qualidade. Contamos com ampla capacidade de produ\u00e7\u00e3o e estoque, garantindo pronta entrega e agilidade em cada pedido. Nossa frota pr\u00f3pria realiza entregas di\u00e1rias, atendendo postos de gasolina, lojas de conveni\u00eancia, restaurantes, buffets, hot\u00e9is, peixarias e diversos outros segmentos. Seu pedido pode ser facilmente inclu\u00eddo em nossas rotas, proporcionando praticidade, pontualidade e efici\u00eancia para o seu neg\u00f3cio. Trabalhamos com produtos de alto padr\u00e3o, seguindo rigorosos processos de higiene e controle de qualidade. A K-GELO utiliza \u00e1gua multi-filtrada, com sistema de carv\u00e3o ativado aliado \u00e0 tecnologia avan\u00e7ada de tratamento com oz\u00f4nio \u2014 um dos m\u00e9todos mais seguros e eficazes do mundo, com a\u00e7\u00e3o bactericida, algicida e viricida, al\u00e9m de eliminar res\u00edduos de cloro. Esse processo atende \u00e0s mais exigentes normas internacionais, garantindo um gelo puro, cristalino e totalmente seguro para consumo. Todo o processo de produ\u00e7\u00e3o e empacotamento \u00e9 automatizado, sem contato manual, assegurando ainda mais qualidade e integridade ao produto final. Nosso gelo \u00e9 ideal para consumo, conserva\u00e7\u00e3o e diversas aplica\u00e7\u00f5es comerciais, sempre com a garantia de pureza que voc\u00ea pode confiar. Al\u00e9m disso, investimos continuamente em inova\u00e7\u00e3o, tecnologia e log\u00edstica para aprimorar nossos servi\u00e7os e atender com ainda mais efici\u00eancia. Nossa equipe est\u00e1 preparada para oferecer um atendimento \u00e1gil e personalizado, entendendo as necessidades de cada cliente e entregando as melhores solu\u00e7\u00f5es para o crescimento do seu neg\u00f3cio. Nossa Qualidade \u00c1gua Nossa \u00e1gua \u00e9 pot\u00e1vel, tratada e passa por quatro filtros especiais, com carv\u00e3o ativado. Nossos cubos de gelo s\u00e3o analisados mensalmente por laborat\u00f3rio especializado que recolhe amostras aleat\u00f3rias diretamente de nossos clientes. Gelo Nosso gelo em cubo possui c\u00f3digo de barras e data de fabrica\u00e7\u00e3o com validade. \u00c9 fabricado sem qualquer contato manual e armazenado em pallets de a\u00e7o galvanizado. F\u00e1brica Atendemos todas as normas de produ\u00e7\u00e3o, com registros na CETESB, Secretaria de Estado da Sa\u00fade, Secretaria dos Neg\u00f3cios Metropolitanos e Alvar\u00e1 de Registro Sanit\u00e1rio de Estabelecimentos de Produtos Aliment\u00edcios. Transporte Todos nossos ve\u00edculos s\u00e3o pr\u00f3prios para transporte de alimentos e com alta capacidade de isolamento t\u00e9rmico. Nossa frota circula diariamente fazendo entregas de gelo de qualidade em diversos pontos de vendas. Localiza\u00e7\u00e3o<\/p>\n","protected":false},"author":1,"featured_media":0,"parent":0,"menu_order":0,"comment_status":"closed","ping_status":"closed","template":"elementor_header_footer","meta":{"footnotes":""},"class_list":["post-42","page","type-page","status-publish","hentry"],"_links":{"self":[{"href":"https:\/\/kgelo.com.br\/index.php\/wp-json\/wp\/v2\/pages\/42","targetHints":{"allow":["GET"]}}],"collection":[{"href":"https:\/\/kgelo.com.br\/index.php\/wp-json\/wp\/v2\/pages"}],"about":[{"href":"https:\/\/kgelo.com.br\/index.php\/wp-json\/wp\/v2\/types\/page"}],"author":[{"embeddable":true,"href":"https:\/\/kgelo.com.br\/index.php\/wp-json\/wp\/v2\/users\/1"}],"replies":[{"embeddable":true,"href":"https:\/\/kgelo.com.br\/index.php\/wp-json\/wp\/v2\/comments?post=42"}],"version-history":[{"count":352,"href":"https:\/\/kgelo.com.br\/index.php\/wp-json\/wp\/v2\/pages\/42\/revisions"}],"predecessor-version":[{"id":485,"href":"https:\/\/kgelo.com.br\/index.php\/wp-json\/wp\/v2\/pages\/42\/revisions\/485"}],"wp:attachment":[{"href":"https:\/\/kgelo.com.br\/index.php\/wp-json\/wp\/v2\/media?parent=42"}],"curies":[{"name":"wp","href":"https:\/\/api.w.org\/{rel}","templated":true}]}}